{"id":210,"date":"2020-05-10T02:07:07","date_gmt":"2020-05-10T02:07:07","guid":{"rendered":"http:\/\/minecraft.masnet.ec\/?post_type=product&#038;p=210"},"modified":"2020-05-16T22:09:54","modified_gmt":"2020-05-16T22:09:54","slug":"pvp-pro","status":"publish","type":"product","link":"https:\/\/minecraft.masnet.ec\/index.php\/product\/pvp-pro\/","title":{"rendered":"PvP Pro"},"content":{"rendered":"<header class=\"entry-header\">\n<h1 class=\"title-post entry-title\">KIT PvP Pro<\/h1>\n<\/header>\n<div class=\"entry-content\">\n<h4>Kit PvP Pro<\/h4>\n<p>El Kit PvP Pro te ofrece los siguientes items:<\/p>\n<ul>\n<li><strong>Casco de Diamante\u00a0<\/strong>(Protecci\u00f3n 7, Espinas 5, Irrompibilidad 5, Reparaci\u00f3n, Afinidad Acu\u00e1tica, Protecci\u00f3n contra Proyectiles 4, Respiraci\u00f3n 3, Protecci\u00f3n contra el Fuego 4, Protecci\u00f3n contra Explosivos 4)<\/li>\n<li><strong>Peto de Diamante\u00a0<\/strong>(Protecci\u00f3n 7, Espinas 5, Irrompibilidad 5, Reparaci\u00f3n, Protecci\u00f3n contra Proyectiles 4, Protecci\u00f3n contra el Fuego 4, Protecci\u00f3n contra Explosivos 4)<\/li>\n<li><strong>Pantal\u00f3n de Diamante\u00a0<\/strong>(Protecci\u00f3n 7, Espinas 5, Irrompibilidad 5, Reparaci\u00f3n, Protecci\u00f3n contra Proyectiles 4, Protecci\u00f3n contra el Fuego 4, Protecci\u00f3n contra Explosivos 4)<\/li>\n<li><strong>Botas de Diamante\u00a0<\/strong>(Protecci\u00f3n 7, Espinas 5, Irrompibilidad 5, Reparaci\u00f3n, Protecci\u00f3n contra Proyectiles 4, Protecci\u00f3n contra el Fuego 4, Protecci\u00f3n contra Explosivos 4, Paso Helado 2, Ca\u00edda de Pluma 7, Agilidad Acu\u00e1tica 2)<\/li>\n<li><strong>Espada de Diamante\u00a0<\/strong>(Aspecto \u00cdgneo 5, Saqueo 5, Reparaci\u00f3n, Filo 7, Irrompibilidad 3, Golpeo 7, Perdici\u00f3n de los artr\u00f3podos 5)<\/li>\n<li><strong>Arco\u00a0<\/strong>(Flama 3, Infinidad, Reparaci\u00f3n, Poder 7, Irrompibilidad 3)<\/li>\n<li><strong>64x Manzanas de BLOQUES<\/strong><\/li>\n<li><strong>3x Poci\u00f3n de Fuerza III\u00a0<\/strong>(8:20)<\/li>\n<li><strong>3x Poci\u00f3n de Velocidad V\u00a0<\/strong>(8:20)<\/li>\n<\/ul>\n<\/div>\n","protected":false},"excerpt":{"rendered":"<p>KIT PvP Pro Kit PvP Pro El Kit PvP Pro te ofrece los siguientes items: Casco de Diamante\u00a0(Protecci\u00f3n 7, Espinas 5, Irrompibilidad 5, Reparaci\u00f3n, Afinidad Acu\u00e1tica, Protecci\u00f3n contra Proyectiles 4, Respiraci\u00f3n 3, Protecci\u00f3n contra el Fuego 4, Protecci\u00f3n contra Explosivos 4) Peto de Diamante\u00a0(Protecci\u00f3n 7, Espinas 5, Irrompibilidad 5, Reparaci\u00f3n, Protecci\u00f3n contra Proyectiles 4, Protecci\u00f3n [&hellip;]<\/p>\n","protected":false},"featured_media":245,"comment_status":"open","ping_status":"closed","template":"","meta":[],"_links":{"self":[{"href":"https:\/\/minecraft.masnet.ec\/index.php\/wp-json\/wp\/v2\/product\/210"}],"collection":[{"href":"https:\/\/minecraft.masnet.ec\/index.php\/wp-json\/wp\/v2\/product"}],"about":[{"href":"https:\/\/minecraft.masnet.ec\/index.php\/wp-json\/wp\/v2\/types\/product"}],"replies":[{"embeddable":true,"href":"https:\/\/minecraft.masnet.ec\/index.php\/wp-json\/wp\/v2\/comments?post=210"}],"wp:featuredmedia":[{"embeddable":true,"href":"https:\/\/minecraft.masnet.ec\/index.php\/wp-json\/wp\/v2\/media\/245"}],"wp:attachment":[{"href":"https:\/\/minecraft.masnet.ec\/index.php\/wp-json\/wp\/v2\/media?parent=210"}],"curies":[{"name":"wp","href":"https:\/\/api.w.org\/{rel}","templated":true}]}}