{"id":20,"date":"2020-05-05T19:41:31","date_gmt":"2020-05-05T19:41:31","guid":{"rendered":"http:\/\/minecraft.masnet.ec\/?page_id=20"},"modified":"2025-04-25T04:06:59","modified_gmt":"2025-04-25T04:06:59","slug":"ecuaminers-tienda","status":"publish","type":"page","link":"https:\/\/minecraft.masnet.ec\/","title":{"rendered":"EcuMiners | Servidor Hosteado en Ecuador"},"content":{"rendered":"\t\t<div data-elementor-type=\"wp-page\" data-elementor-id=\"20\" class=\"elementor elementor-20\" data-elementor-settings=\"[]\">\n\t\t\t<div class=\"elementor-inner\">\n\t\t\t\t<div class=\"elementor-section-wrap\">\n\t\t\t\t\t\t\t<section class=\"elementor-element elementor-element-cc93815 elementor-section-boxed elementor-section-height-default elementor-section-height-default elementor-section elementor-top-section\" data-id=\"cc93815\" data-element_type=\"section\">\n\t\t\t\t\t\t<div class=\"elementor-container elementor-column-gap-default\">\n\t\t\t\t<div class=\"elementor-row\">\n\t\t\t\t<div class=\"elementor-element elementor-element-27c0935 elementor-column elementor-col-100 elementor-top-column\" data-id=\"27c0935\" data-element_type=\"column\">\n\t\t\t<div class=\"elementor-column-wrap  elementor-element-populated\">\n\t\t\t\t\t<div class=\"elementor-widget-wrap\">\n\t\t\t\t<div class=\"elementor-element elementor-element-fcf2be2 elementor-widget elementor-widget-image\" data-id=\"fcf2be2\" data-element_type=\"widget\" data-widget_type=\"image.default\">\n\t\t\t\t<div class=\"elementor-widget-container\">\n\t\t\t\t\t<div class=\"elementor-image\">\n\t\t\t\t\t\t\t\t\t\t<img width=\"1024\" height=\"439\" src=\"https:\/\/minecraft.masnet.ec\/wp-content\/uploads\/2020\/05\/ekuloko-1024x439.png\" class=\"attachment-large size-large\" alt=\"\" decoding=\"async\" loading=\"lazy\" srcset=\"https:\/\/minecraft.masnet.ec\/wp-content\/uploads\/2020\/05\/ekuloko-1024x439.png 1024w, https:\/\/minecraft.masnet.ec\/wp-content\/uploads\/2020\/05\/ekuloko-300x129.png 300w, https:\/\/minecraft.masnet.ec\/wp-content\/uploads\/2020\/05\/ekuloko-768x329.png 768w, https:\/\/minecraft.masnet.ec\/wp-content\/uploads\/2020\/05\/ekuloko-830x356.png 830w, https:\/\/minecraft.masnet.ec\/wp-content\/uploads\/2020\/05\/ekuloko-230x99.png 230w, https:\/\/minecraft.masnet.ec\/wp-content\/uploads\/2020\/05\/ekuloko-350x150.png 350w, https:\/\/minecraft.masnet.ec\/wp-content\/uploads\/2020\/05\/ekuloko-480x206.png 480w, https:\/\/minecraft.masnet.ec\/wp-content\/uploads\/2020\/05\/ekuloko-24x10.png 24w, https:\/\/minecraft.masnet.ec\/wp-content\/uploads\/2020\/05\/ekuloko-36x15.png 36w, https:\/\/minecraft.masnet.ec\/wp-content\/uploads\/2020\/05\/ekuloko-48x21.png 48w, https:\/\/minecraft.masnet.ec\/wp-content\/uploads\/2020\/05\/ekuloko.png 1280w\" sizes=\"(max-width: 1024px) 100vw, 1024px\" \/>\t\t\t\t\t\t\t\t\t\t\t<\/div>\n\t\t\t\t<\/div>\n\t\t\t\t<\/div>\n\t\t\t\t\t\t<\/div>\n\t\t\t<\/div>\n\t\t<\/div>\n\t\t\t\t\t\t<\/div>\n\t\t\t<\/div>\n\t\t<\/section>\n\t\t\t\t<section class=\"elementor-element elementor-element-c0dbcf8 elementor-section-boxed elementor-section-height-default elementor-section-height-default elementor-section elementor-top-section\" data-id=\"c0dbcf8\" data-element_type=\"section\">\n\t\t\t\t\t\t<div class=\"elementor-container elementor-column-gap-default\">\n\t\t\t\t<div class=\"elementor-row\">\n\t\t\t\t<div class=\"elementor-element elementor-element-64aca89 elementor-column elementor-col-100 elementor-top-column\" data-id=\"64aca89\" data-element_type=\"column\">\n\t\t\t<div class=\"elementor-column-wrap  elementor-element-populated\">\n\t\t\t\t\t<div class=\"elementor-widget-wrap\">\n\t\t\t\t<div class=\"elementor-element elementor-element-d89ec8f elementor-widget elementor-widget-text-editor\" data-id=\"d89ec8f\" data-element_type=\"widget\" data-widget_type=\"text-editor.default\">\n\t\t\t\t<div class=\"elementor-widget-container\">\n\t\t\t\t\t<div class=\"elementor-text-editor elementor-clearfix\"><h4 style=\"text-align: center;\">\u00a1BIENVENIDO!<\/h4><p>\u00c9sta es la p\u00e1gina oficial de EcuMiners, un servidor Ecuatoriano hosteado en Manab\u00ed, Santa Ana. Aqu\u00ed podr\u00e1s publicar im\u00e1genes. hacer publicaciones o preguntas acerca del servidor. Tambi\u00e9n puedes adquirir rangos en la <a href=\"https:\/\/minecraft.masnet.ec\/index.php\/shop\/\">Tienda<\/a><\/p><p>Por el momento contamos con un servidor Survival y pr\u00f3ximamente FullPvP y Hunger Games.<\/p><\/div>\n\t\t\t\t<\/div>\n\t\t\t\t<\/div>\n\t\t\t\t\t\t<\/div>\n\t\t\t<\/div>\n\t\t<\/div>\n\t\t\t\t\t\t<\/div>\n\t\t\t<\/div>\n\t\t<\/section>\n\t\t\t\t\t\t<\/div>\n\t\t\t<\/div>\n\t\t<\/div>\n\t\t","protected":false},"excerpt":{"rendered":"<p>\u00a1BIENVENIDO! \u00c9sta es la p\u00e1gina oficial de EcuMiners, un servidor Ecuatoriano hosteado en Manab\u00ed, Santa Ana. Aqu\u00ed podr\u00e1s publicar im\u00e1genes. hacer publicaciones o preguntas acerca del servidor. Tambi\u00e9n puedes adquirir rangos en la Tienda Por el momento contamos con un servidor Survival y pr\u00f3ximamente FullPvP y Hunger Games.<\/p>\n","protected":false},"author":1,"featured_media":0,"parent":0,"menu_order":0,"comment_status":"closed","ping_status":"closed","template":"","meta":[],"_links":{"self":[{"href":"https:\/\/minecraft.masnet.ec\/index.php\/wp-json\/wp\/v2\/pages\/20"}],"collection":[{"href":"https:\/\/minecraft.masnet.ec\/index.php\/wp-json\/wp\/v2\/pages"}],"about":[{"href":"https:\/\/minecraft.masnet.ec\/index.php\/wp-json\/wp\/v2\/types\/page"}],"author":[{"embeddable":true,"href":"https:\/\/minecraft.masnet.ec\/index.php\/wp-json\/wp\/v2\/users\/1"}],"replies":[{"embeddable":true,"href":"https:\/\/minecraft.masnet.ec\/index.php\/wp-json\/wp\/v2\/comments?post=20"}],"version-history":[{"count":13,"href":"https:\/\/minecraft.masnet.ec\/index.php\/wp-json\/wp\/v2\/pages\/20\/revisions"}],"predecessor-version":[{"id":248,"href":"https:\/\/minecraft.masnet.ec\/index.php\/wp-json\/wp\/v2\/pages\/20\/revisions\/248"}],"wp:attachment":[{"href":"https:\/\/minecraft.masnet.ec\/index.php\/wp-json\/wp\/v2\/media?parent=20"}],"curies":[{"name":"wp","href":"https:\/\/api.w.org\/{rel}","templated":true}]}}