{"id":125,"date":"2020-05-09T04:20:14","date_gmt":"2020-05-09T04:20:14","guid":{"rendered":"http:\/\/minecraft.masnet.ec\/?page_id=125"},"modified":"2020-05-09T04:24:01","modified_gmt":"2020-05-09T04:24:01","slug":"herramientas","status":"publish","type":"page","link":"https:\/\/minecraft.masnet.ec\/index.php\/herramientas\/","title":{"rendered":"KIT Herramientas"},"content":{"rendered":"\n<h4>Kit Herramientas<\/h4>\n\n\n\n<p>El Kit PvP B\u00e1sico te ofrece los siguientes items:  <\/p>\n\n\n\n<ul><li><strong>Pico de Diamante <\/strong>(Eficiencia 5, Fortuna 3, Reparaci\u00f3n, Irrompibilidad)<\/li><li><strong>Pico de Diamante <\/strong>(Eficiencia 5, Toque de Seda, Reparaci\u00f3n, Irrompibilidad) <\/li><li><strong>Pala de Diamante <\/strong>(Eficiencia 5, Toque de Seda, Reparaci\u00f3n, Irrompibilidad) <\/li><li><strong>Pala de Diamante <\/strong>(Eficiencia 5, Fortuna, Reparaci\u00f3n, Irrompibilidad)  <\/li><li><strong>Hacha de Diamante <\/strong>(Eficiencia 5, Toque de Seda, Reparaci\u00f3n, Irrompibilidad)<\/li><li><strong>Azada de Diamante<\/strong> (Eficiencia 5, Toque de Seda, Reparaci\u00f3n, Irrompibilidad) <\/li><\/ul>\n\n\n\n<p>Este KIT es perfecto para que empieces con pie derecho tus construcciones y proyectos en el servidor, ya que te ahorrar\u00e1s mucho tiempo en conseguir buenas herramientas que te vayan a durar, sin duda, un kit muy \u00fatil.<\/p>\n","protected":false},"excerpt":{"rendered":"<p>Kit Herramientas El Kit PvP B\u00e1sico te ofrece los siguientes items: Pico de Diamante (Eficiencia 5, Fortuna 3, Reparaci\u00f3n, Irrompibilidad) Pico de Diamante (Eficiencia 5, Toque de Seda, Reparaci\u00f3n, Irrompibilidad) Pala de Diamante (Eficiencia 5, Toque de Seda, Reparaci\u00f3n, Irrompibilidad) Pala de Diamante (Eficiencia 5, Fortuna, Reparaci\u00f3n, Irrompibilidad) Hacha de Diamante (Eficiencia 5, Toque de [&hellip;]<\/p>\n","protected":false},"author":1,"featured_media":0,"parent":0,"menu_order":0,"comment_status":"closed","ping_status":"closed","template":"","meta":[],"_links":{"self":[{"href":"https:\/\/minecraft.masnet.ec\/index.php\/wp-json\/wp\/v2\/pages\/125"}],"collection":[{"href":"https:\/\/minecraft.masnet.ec\/index.php\/wp-json\/wp\/v2\/pages"}],"about":[{"href":"https:\/\/minecraft.masnet.ec\/index.php\/wp-json\/wp\/v2\/types\/page"}],"author":[{"embeddable":true,"href":"https:\/\/minecraft.masnet.ec\/index.php\/wp-json\/wp\/v2\/users\/1"}],"replies":[{"embeddable":true,"href":"https:\/\/minecraft.masnet.ec\/index.php\/wp-json\/wp\/v2\/comments?post=125"}],"version-history":[{"count":2,"href":"https:\/\/minecraft.masnet.ec\/index.php\/wp-json\/wp\/v2\/pages\/125\/revisions"}],"predecessor-version":[{"id":128,"href":"https:\/\/minecraft.masnet.ec\/index.php\/wp-json\/wp\/v2\/pages\/125\/revisions\/128"}],"wp:attachment":[{"href":"https:\/\/minecraft.masnet.ec\/index.php\/wp-json\/wp\/v2\/media?parent=125"}],"curies":[{"name":"wp","href":"https:\/\/api.w.org\/{rel}","templated":true}]}}