{"id":123,"date":"2020-05-09T04:14:34","date_gmt":"2020-05-09T04:14:34","guid":{"rendered":"http:\/\/minecraft.masnet.ec\/?page_id=123"},"modified":"2020-05-09T04:24:20","modified_gmt":"2020-05-09T04:24:20","slug":"pvp-pro","status":"publish","type":"page","link":"https:\/\/minecraft.masnet.ec\/index.php\/pvp-pro\/","title":{"rendered":"KIT PvP Pro"},"content":{"rendered":"\n<h4>Kit PvP Pro<\/h4>\n\n\n\n<p> El Kit PvP Pro te ofrece los siguientes items:  <\/p>\n\n\n\n<ul><li><strong>Casco de Diamante <\/strong>(Protecci\u00f3n 7, Espinas 5, Irrompibilidad 5, Reparaci\u00f3n, Afinidad Acu\u00e1tica, Protecci\u00f3n contra Proyectiles 4, Respiraci\u00f3n 3, Protecci\u00f3n contra el Fuego 4, Protecci\u00f3n contra Explosivos 4)<\/li><li><strong>Peto de Diamante&nbsp;<\/strong>(Protecci\u00f3n 7, Espinas 5, Irrompibilidad 5, Reparaci\u00f3n, Protecci\u00f3n contra Proyectiles 4, Protecci\u00f3n contra el Fuego 4, Protecci\u00f3n contra Explosivos 4) <\/li><li><strong>Pantal\u00f3n de Diamante <\/strong>(Protecci\u00f3n 7, Espinas 5, Irrompibilidad 5, Reparaci\u00f3n, Protecci\u00f3n contra Proyectiles 4, Protecci\u00f3n contra el Fuego 4, Protecci\u00f3n contra Explosivos 4)  <\/li><li><strong>Botas de Diamante&nbsp;<\/strong>(Protecci\u00f3n 7, Espinas 5, Irrompibilidad 5, Reparaci\u00f3n, Protecci\u00f3n contra Proyectiles 4, Protecci\u00f3n contra el Fuego 4, Protecci\u00f3n contra Explosivos 4, Paso Helado 2, Ca\u00edda de Pluma 7, Agilidad Acu\u00e1tica 2)  <\/li><li><strong>Espada de Diamante <\/strong>(Aspecto \u00cdgneo 5, Saqueo 5, Reparaci\u00f3n, Filo 7, Irrompibilidad 3, Golpeo 7, Perdici\u00f3n de los artr\u00f3podos 5)<\/li><li><strong>Arco <\/strong>(Flama 3, Infinidad, Reparaci\u00f3n, Poder 7, Irrompibilidad 3)<\/li><li><strong>64x Manzanas de BLOQUES<\/strong><\/li><li><strong>3x Poci\u00f3n de Fuerza III <\/strong>(8:20)<\/li><li><strong>3x Poci\u00f3n de Velocidad V <\/strong>(8:20) <\/li><\/ul>\n\n\n\n<p><\/p>\n","protected":false},"excerpt":{"rendered":"<p>Kit PvP Pro El Kit PvP Pro te ofrece los siguientes items: Casco de Diamante (Protecci\u00f3n 7, Espinas 5, Irrompibilidad 5, Reparaci\u00f3n, Afinidad Acu\u00e1tica, Protecci\u00f3n contra Proyectiles 4, Respiraci\u00f3n 3, Protecci\u00f3n contra el Fuego 4, Protecci\u00f3n contra Explosivos 4) Peto de Diamante&nbsp;(Protecci\u00f3n 7, Espinas 5, Irrompibilidad 5, Reparaci\u00f3n, Protecci\u00f3n contra Proyectiles 4, Protecci\u00f3n contra el [&hellip;]<\/p>\n","protected":false},"author":1,"featured_media":0,"parent":0,"menu_order":0,"comment_status":"closed","ping_status":"closed","template":"","meta":[],"_links":{"self":[{"href":"https:\/\/minecraft.masnet.ec\/index.php\/wp-json\/wp\/v2\/pages\/123"}],"collection":[{"href":"https:\/\/minecraft.masnet.ec\/index.php\/wp-json\/wp\/v2\/pages"}],"about":[{"href":"https:\/\/minecraft.masnet.ec\/index.php\/wp-json\/wp\/v2\/types\/page"}],"author":[{"embeddable":true,"href":"https:\/\/minecraft.masnet.ec\/index.php\/wp-json\/wp\/v2\/users\/1"}],"replies":[{"embeddable":true,"href":"https:\/\/minecraft.masnet.ec\/index.php\/wp-json\/wp\/v2\/comments?post=123"}],"version-history":[{"count":2,"href":"https:\/\/minecraft.masnet.ec\/index.php\/wp-json\/wp\/v2\/pages\/123\/revisions"}],"predecessor-version":[{"id":130,"href":"https:\/\/minecraft.masnet.ec\/index.php\/wp-json\/wp\/v2\/pages\/123\/revisions\/130"}],"wp:attachment":[{"href":"https:\/\/minecraft.masnet.ec\/index.php\/wp-json\/wp\/v2\/media?parent=123"}],"curies":[{"name":"wp","href":"https:\/\/api.w.org\/{rel}","templated":true}]}}