{"id":118,"date":"2020-05-09T04:06:48","date_gmt":"2020-05-09T04:06:48","guid":{"rendered":"http:\/\/minecraft.masnet.ec\/?page_id=118"},"modified":"2020-05-09T04:24:07","modified_gmt":"2020-05-09T04:24:07","slug":"pvp-basico","status":"publish","type":"page","link":"https:\/\/minecraft.masnet.ec\/index.php\/pvp-basico\/","title":{"rendered":"KIT PvP B\u00e1sico"},"content":{"rendered":"\n<h4>Kit PvP B\u00e1sico<\/h4>\n\n\n\n<p>El Kit PvP B\u00e1sico te ofrece los siguientes items: <\/p>\n\n\n\n<ul><li><strong>Casco de Diamante <\/strong>(Protecci\u00f3n 4, Espinas 3, Irrompibilidad 4, Reparaci\u00f3n)<\/li><li><strong>Peto de Diamante <\/strong>(Protecci\u00f3n 4, Espinas 3, Irrompibilidad 4, Reparaci\u00f3n) <\/li><li><strong>Pantal\u00f3n de Diamante <\/strong>(Protecci\u00f3n 4, Espinas 3, Irrompibilidad 4, Reparaci\u00f3n)<\/li><li><strong>Botas de Diamante <\/strong>(Protecci\u00f3n 4, Espinas 3, Irrompibilidad 4, Reparaci\u00f3n, Ca\u00edda de Pluma 4)<\/li><li><strong>Espada de Diamante <\/strong>(Aspecto \u00cdgneo 2, Saqueo 3, Reparaci\u00f3n, Filo 5, Filo Arrasador 3, Irrompibilidad 3<\/li><li><strong>Arco <\/strong>(Flama, Infinidad, Reparaci\u00f3n, Poder 5, Irrompibilidad 3)<\/li><li><strong>32x Manzanas de BLOQUES<\/strong><\/li><li><strong>3x Poci\u00f3n de Fuerza II <\/strong>(1:30)<\/li><\/ul>\n\n\n\n<p>Con \u00e9ste KIT arrasar\u00e1s con todos en el PvP, el \u00fanico limitante eres t\u00fa!<\/p>\n","protected":false},"excerpt":{"rendered":"<p>Kit PvP B\u00e1sico El Kit PvP B\u00e1sico te ofrece los siguientes items: Casco de Diamante (Protecci\u00f3n 4, Espinas 3, Irrompibilidad 4, Reparaci\u00f3n) Peto de Diamante (Protecci\u00f3n 4, Espinas 3, Irrompibilidad 4, Reparaci\u00f3n) Pantal\u00f3n de Diamante (Protecci\u00f3n 4, Espinas 3, Irrompibilidad 4, Reparaci\u00f3n) Botas de Diamante (Protecci\u00f3n 4, Espinas 3, Irrompibilidad 4, Reparaci\u00f3n, Ca\u00edda de Pluma [&hellip;]<\/p>\n","protected":false},"author":1,"featured_media":0,"parent":0,"menu_order":0,"comment_status":"closed","ping_status":"closed","template":"","meta":[],"_links":{"self":[{"href":"https:\/\/minecraft.masnet.ec\/index.php\/wp-json\/wp\/v2\/pages\/118"}],"collection":[{"href":"https:\/\/minecraft.masnet.ec\/index.php\/wp-json\/wp\/v2\/pages"}],"about":[{"href":"https:\/\/minecraft.masnet.ec\/index.php\/wp-json\/wp\/v2\/types\/page"}],"author":[{"embeddable":true,"href":"https:\/\/minecraft.masnet.ec\/index.php\/wp-json\/wp\/v2\/users\/1"}],"replies":[{"embeddable":true,"href":"https:\/\/minecraft.masnet.ec\/index.php\/wp-json\/wp\/v2\/comments?post=118"}],"version-history":[{"count":2,"href":"https:\/\/minecraft.masnet.ec\/index.php\/wp-json\/wp\/v2\/pages\/118\/revisions"}],"predecessor-version":[{"id":129,"href":"https:\/\/minecraft.masnet.ec\/index.php\/wp-json\/wp\/v2\/pages\/118\/revisions\/129"}],"wp:attachment":[{"href":"https:\/\/minecraft.masnet.ec\/index.php\/wp-json\/wp\/v2\/media?parent=118"}],"curies":[{"name":"wp","href":"https:\/\/api.w.org\/{rel}","templated":true}]}}