{"id":116,"date":"2020-05-09T03:57:37","date_gmt":"2020-05-09T03:57:37","guid":{"rendered":"http:\/\/minecraft.masnet.ec\/?page_id=116"},"modified":"2020-05-09T04:23:45","modified_gmt":"2020-05-09T04:23:45","slug":"minero","status":"publish","type":"page","link":"https:\/\/minecraft.masnet.ec\/index.php\/minero\/","title":{"rendered":"Kit Minero"},"content":{"rendered":"\n<h4>Kit MINERO<\/h4>\n\n\n\n<p>El Kit Minero te ofrece los siguientes items:<\/p>\n\n\n\n<ul><li><strong>Pico de Diamante <\/strong>(Eficiencia 10, Fortuna 5, Reparaci\u00f3n, Irrompibilidad 5)<\/li><li><strong>Pico de Diamante<\/strong> (Eficiencia 10, Toque de Seda, Reparaci\u00f3n, Irrompibilidad 5) <\/li><li><strong>2x Poci\u00f3n Visi\u00f3n Nocturna<\/strong> (Tiempo Infinito)<\/li><li><strong>2x Poci\u00f2n de Prisa V<\/strong> (Tiempo Infinito<\/li><\/ul>\n\n\n\n<p>Con este KIT podr\u00e1s minar a unas velocidades muy extremas! Perfecto para ganar dinero y obtener minerales.<\/p>\n","protected":false},"excerpt":{"rendered":"<p>Kit MINERO El Kit Minero te ofrece los siguientes items: Pico de Diamante (Eficiencia 10, Fortuna 5, Reparaci\u00f3n, Irrompibilidad 5) Pico de Diamante (Eficiencia 10, Toque de Seda, Reparaci\u00f3n, Irrompibilidad 5) 2x Poci\u00f3n Visi\u00f3n Nocturna (Tiempo Infinito) 2x Poci\u00f2n de Prisa V (Tiempo Infinito Con este KIT podr\u00e1s minar a unas velocidades muy extremas! Perfecto [&hellip;]<\/p>\n","protected":false},"author":1,"featured_media":0,"parent":0,"menu_order":0,"comment_status":"closed","ping_status":"closed","template":"","meta":[],"_links":{"self":[{"href":"https:\/\/minecraft.masnet.ec\/index.php\/wp-json\/wp\/v2\/pages\/116"}],"collection":[{"href":"https:\/\/minecraft.masnet.ec\/index.php\/wp-json\/wp\/v2\/pages"}],"about":[{"href":"https:\/\/minecraft.masnet.ec\/index.php\/wp-json\/wp\/v2\/types\/page"}],"author":[{"embeddable":true,"href":"https:\/\/minecraft.masnet.ec\/index.php\/wp-json\/wp\/v2\/users\/1"}],"replies":[{"embeddable":true,"href":"https:\/\/minecraft.masnet.ec\/index.php\/wp-json\/wp\/v2\/comments?post=116"}],"version-history":[{"count":5,"href":"https:\/\/minecraft.masnet.ec\/index.php\/wp-json\/wp\/v2\/pages\/116\/revisions"}],"predecessor-version":[{"id":127,"href":"https:\/\/minecraft.masnet.ec\/index.php\/wp-json\/wp\/v2\/pages\/116\/revisions\/127"}],"wp:attachment":[{"href":"https:\/\/minecraft.masnet.ec\/index.php\/wp-json\/wp\/v2\/media?parent=116"}],"curies":[{"name":"wp","href":"https:\/\/api.w.org\/{rel}","templated":true}]}}